{"id":183,"date":"2020-01-09T15:54:31","date_gmt":"2020-01-09T14:54:31","guid":{"rendered":"https:\/\/www.museum-kastelruth.com\/schulmuseum-copy\/"},"modified":"2026-04-30T11:39:08","modified_gmt":"2026-04-30T09:39:08","slug":"museo-della-scuola","status":"publish","type":"page","link":"https:\/\/www.museum-kastelruth.com\/it\/museo-della-scuola\/","title":{"rendered":"Museo della Scuola"},"content":{"rendered":"<h1>Museo della Scuola di Tagusa<\/h1>\n<p>A Tagusa presso Castelrotto, esiste dal 2005 un Museo della Scuola. Una singolare raccolta di oggetti di arredo e di documenti didattici, ritrovati e mantenuti nel luogo d\u2019origine attende i visitatori<\/p>\n<p>A Tagusa esisteva la scuola elementare fin dal tempo dell\u2019obbligo scolastico generico e cio\u00e8 dal XVIII secolo. Inizialmente le lezioni si tenevano nella canonica o nella Stube dei vicini masi, finch\u00e8 nel 1933 fu edificato l\u2019edificio scolastico. Nel 1993 questa piccola scuola pluriclasse fu definitivamente chiusa<\/p>\n<p>Negli anni &#8217;50 del secolo scorso fu raggiunto il maggior numero di scolari con ben 46 bambini iscritti alle diverse classi. La giornata scolastica dei bimbi, nella Tagusa del tempo non permetteva incontri con il mondo esterno. Tutti i bambini si conoscevano e solo i maestri variavano di anno in anno. Pur dotati di una certa autorit\u00e0 ed estranei a quella societ\u00e0 essi si adeguarono agli usi locali, cos\u00ec da far distinguere Tagusa dai grandi centri scolastici della citt\u00e0. Anche i suppellettili ed il materiale didattico vennero utilizzati diversamente che in altre scuole e perci\u00f2 conservati amorevolmente. Cos\u00ec possono essere ammirati dai visitatori nel piccolo Museo al giorno d\u2019oggi degli oggetti che risvegliano non solo sentimenti di nostalgia, ma che destano l\u2019interesse dei turisti e degli estimatori della scuola e della sua funzione educatrice<\/p>\n<p>Nel 2019 al primo piano dell\u2019edificio sono stati recuperati due vani. In una stanza \u00e8 stata inserita. dopo un\u2019operazione di restauro, una Stube storica risalente al 1700 e nel vano attiguo ha trovato collocazione un laboratorio da calzolaio con gli attrezzi e i macchinari originali degli anni &#8217;50<\/p>\n","protected":false},"excerpt":{"rendered":"<p>Museo della Scuola di Tagusa A Tagusa presso Castelrotto, esiste dal 2005 un Museo della Scuola. Una singolare raccolta di oggetti di arredo e di documenti didattici, ritrovati e mantenuti nel luogo d\u2019origine attende i visitatori A Tagusa esisteva la scuola elementare fin dal tempo dell\u2019obbligo scolastico generico e cio\u00e8 dal XVIII secolo. Inizialmente le [&hellip;]<\/p>\n","protected":false},"author":2,"featured_media":0,"parent":0,"menu_order":3,"comment_status":"closed","ping_status":"closed","template":"template-schulmuseum.php","meta":{"_acf_changed":false,"footnotes":""},"class_list":["post-183","page","type-page","status-publish","hentry"],"acf":[],"yoast_head":"<!-- This site is optimized with the Yoast SEO plugin v27.5 - https:\/\/yoast.com\/product\/yoast-seo-wordpress\/ -->\n<title>Museo della Scuola - Museumsverein Kastelruth<\/title>\n<meta name=\"robots\" content=\"index, follow, max-snippet:-1, max-image-preview:large, max-video-preview:-1\" \/>\n<link rel=\"canonical\" href=\"https:\/\/www.museum-kastelruth.com\/it\/museo-della-scuola\/\" \/>\n<meta property=\"og:locale\" content=\"it_IT\" \/>\n<meta property=\"og:type\" content=\"article\" \/>\n<meta property=\"og:title\" content=\"Museo della Scuola - Museumsverein Kastelruth\" \/>\n<meta property=\"og:description\" content=\"Museo della Scuola di Tagusa A Tagusa presso Castelrotto, esiste dal 2005 un Museo della Scuola. Una singolare raccolta di oggetti di arredo e di documenti didattici, ritrovati e mantenuti nel luogo d\u2019origine attende i visitatori A Tagusa esisteva la scuola elementare fin dal tempo dell\u2019obbligo scolastico generico e cio\u00e8 dal XVIII secolo. Inizialmente le [&hellip;]\" \/>\n<meta property=\"og:url\" content=\"https:\/\/www.museum-kastelruth.com\/it\/museo-della-scuola\/\" \/>\n<meta property=\"og:site_name\" content=\"Museumsverein Kastelruth\" \/>\n<meta property=\"article:modified_time\" content=\"2026-04-30T09:39:08+00:00\" \/>\n<meta name=\"twitter:card\" content=\"summary_large_image\" \/>\n<meta name=\"twitter:label1\" content=\"Tempo di lettura stimato\" \/>\n\t<meta name=\"twitter:data1\" content=\"3 minuti\" \/>\n<script type=\"application\/ld+json\" class=\"yoast-schema-graph\">{\"@context\":\"https:\\\/\\\/schema.org\",\"@graph\":[{\"@type\":\"WebPage\",\"@id\":\"https:\\\/\\\/www.museum-kastelruth.com\\\/it\\\/museo-della-scuola\\\/\",\"url\":\"https:\\\/\\\/www.museum-kastelruth.com\\\/it\\\/museo-della-scuola\\\/\",\"name\":\"Museo della Scuola - Museumsverein Kastelruth\",\"isPartOf\":{\"@id\":\"https:\\\/\\\/www.museum-kastelruth.com\\\/#website\"},\"datePublished\":\"2020-01-09T14:54:31+00:00\",\"dateModified\":\"2026-04-30T09:39:08+00:00\",\"breadcrumb\":{\"@id\":\"https:\\\/\\\/www.museum-kastelruth.com\\\/it\\\/museo-della-scuola\\\/#breadcrumb\"},\"inLanguage\":\"it-IT\",\"potentialAction\":[{\"@type\":\"ReadAction\",\"target\":[\"https:\\\/\\\/www.museum-kastelruth.com\\\/it\\\/museo-della-scuola\\\/\"]}]},{\"@type\":\"BreadcrumbList\",\"@id\":\"https:\\\/\\\/www.museum-kastelruth.com\\\/it\\\/museo-della-scuola\\\/#breadcrumb\",\"itemListElement\":[{\"@type\":\"ListItem\",\"position\":1,\"name\":\"Startseite\",\"item\":\"https:\\\/\\\/www.museum-kastelruth.com\\\/it\\\/\"},{\"@type\":\"ListItem\",\"position\":2,\"name\":\"Museo della Scuola\"}]},{\"@type\":\"WebSite\",\"@id\":\"https:\\\/\\\/www.museum-kastelruth.com\\\/#website\",\"url\":\"https:\\\/\\\/www.museum-kastelruth.com\\\/\",\"name\":\"Museumsverein Kastelruth\",\"description\":\"\",\"potentialAction\":[{\"@type\":\"SearchAction\",\"target\":{\"@type\":\"EntryPoint\",\"urlTemplate\":\"https:\\\/\\\/www.museum-kastelruth.com\\\/?s={search_term_string}\"},\"query-input\":{\"@type\":\"PropertyValueSpecification\",\"valueRequired\":true,\"valueName\":\"search_term_string\"}}],\"inLanguage\":\"it-IT\"}]}<\/script>\n<!-- \/ Yoast SEO plugin. -->","yoast_head_json":{"title":"Museo della Scuola - Museumsverein Kastelruth","robots":{"index":"index","follow":"follow","max-snippet":"max-snippet:-1","max-image-preview":"max-image-preview:large","max-video-preview":"max-video-preview:-1"},"canonical":"https:\/\/www.museum-kastelruth.com\/it\/museo-della-scuola\/","og_locale":"it_IT","og_type":"article","og_title":"Museo della Scuola - Museumsverein Kastelruth","og_description":"Museo della Scuola di Tagusa A Tagusa presso Castelrotto, esiste dal 2005 un Museo della Scuola. Una singolare raccolta di oggetti di arredo e di documenti didattici, ritrovati e mantenuti nel luogo d\u2019origine attende i visitatori A Tagusa esisteva la scuola elementare fin dal tempo dell\u2019obbligo scolastico generico e cio\u00e8 dal XVIII secolo. Inizialmente le [&hellip;]","og_url":"https:\/\/www.museum-kastelruth.com\/it\/museo-della-scuola\/","og_site_name":"Museumsverein Kastelruth","article_modified_time":"2026-04-30T09:39:08+00:00","twitter_card":"summary_large_image","twitter_misc":{"Tempo di lettura stimato":"3 minuti"},"schema":{"@context":"https:\/\/schema.org","@graph":[{"@type":"WebPage","@id":"https:\/\/www.museum-kastelruth.com\/it\/museo-della-scuola\/","url":"https:\/\/www.museum-kastelruth.com\/it\/museo-della-scuola\/","name":"Museo della Scuola - Museumsverein Kastelruth","isPartOf":{"@id":"https:\/\/www.museum-kastelruth.com\/#website"},"datePublished":"2020-01-09T14:54:31+00:00","dateModified":"2026-04-30T09:39:08+00:00","breadcrumb":{"@id":"https:\/\/www.museum-kastelruth.com\/it\/museo-della-scuola\/#breadcrumb"},"inLanguage":"it-IT","potentialAction":[{"@type":"ReadAction","target":["https:\/\/www.museum-kastelruth.com\/it\/museo-della-scuola\/"]}]},{"@type":"BreadcrumbList","@id":"https:\/\/www.museum-kastelruth.com\/it\/museo-della-scuola\/#breadcrumb","itemListElement":[{"@type":"ListItem","position":1,"name":"Startseite","item":"https:\/\/www.museum-kastelruth.com\/it\/"},{"@type":"ListItem","position":2,"name":"Museo della Scuola"}]},{"@type":"WebSite","@id":"https:\/\/www.museum-kastelruth.com\/#website","url":"https:\/\/www.museum-kastelruth.com\/","name":"Museumsverein Kastelruth","description":"","potentialAction":[{"@type":"SearchAction","target":{"@type":"EntryPoint","urlTemplate":"https:\/\/www.museum-kastelruth.com\/?s={search_term_string}"},"query-input":{"@type":"PropertyValueSpecification","valueRequired":true,"valueName":"search_term_string"}}],"inLanguage":"it-IT"}]}},"_links":{"self":[{"href":"https:\/\/www.museum-kastelruth.com\/it\/wp-json\/wp\/v2\/pages\/183","targetHints":{"allow":["GET"]}}],"collection":[{"href":"https:\/\/www.museum-kastelruth.com\/it\/wp-json\/wp\/v2\/pages"}],"about":[{"href":"https:\/\/www.museum-kastelruth.com\/it\/wp-json\/wp\/v2\/types\/page"}],"author":[{"embeddable":true,"href":"https:\/\/www.museum-kastelruth.com\/it\/wp-json\/wp\/v2\/users\/2"}],"replies":[{"embeddable":true,"href":"https:\/\/www.museum-kastelruth.com\/it\/wp-json\/wp\/v2\/comments?post=183"}],"version-history":[{"count":14,"href":"https:\/\/www.museum-kastelruth.com\/it\/wp-json\/wp\/v2\/pages\/183\/revisions"}],"predecessor-version":[{"id":513,"href":"https:\/\/www.museum-kastelruth.com\/it\/wp-json\/wp\/v2\/pages\/183\/revisions\/513"}],"wp:attachment":[{"href":"https:\/\/www.museum-kastelruth.com\/it\/wp-json\/wp\/v2\/media?parent=183"}],"curies":[{"name":"wp","href":"https:\/\/api.w.org\/{rel}","templated":true}]}}